{"id":3,"date":"2023-08-03T14:07:14","date_gmt":"2023-08-03T14:07:14","guid":{"rendered":"https:\/\/skarpoy.com\/?page_id=3"},"modified":"2023-09-05T12:02:36","modified_gmt":"2023-09-05T12:02:36","slug":"tietosuoja","status":"publish","type":"page","link":"https:\/\/skarpoy.com\/index.php\/tietosuoja\/","title":{"rendered":"Tietosuojaseloste"},"content":{"rendered":"\t\t<div data-elementor-type=\"wp-page\" data-elementor-id=\"3\" class=\"elementor elementor-3\">\n\t\t\t\t\t\t<section class=\"elementor-section elementor-top-section elementor-element elementor-element-269b60ce elementor-section-boxed elementor-section-height-default elementor-section-height-default\" data-id=\"269b60ce\" data-element_type=\"section\" data-e-type=\"section\">\r\n\t\t\t\t\t\t<div class=\"elementor-container elementor-column-gap-thegem\"><div class=\"elementor-row\">\r\n\t\t\t\t\t<div class=\"elementor-column elementor-col-100 elementor-top-column elementor-element elementor-element-8d5a74b\" data-id=\"8d5a74b\" data-element_type=\"column\" data-e-type=\"column\">\n\t\t\t<div class=\"elementor-widget-wrap elementor-element-populated\">\n\t\t\t\t\t\t<div class=\"elementor-element elementor-element-29c9c812 flex-horizontal-align-default flex-horizontal-align-tablet-default flex-horizontal-align-mobile-default flex-vertical-align-default flex-vertical-align-tablet-default flex-vertical-align-mobile-default elementor-widget elementor-widget-text-editor\" data-id=\"29c9c812\" data-element_type=\"widget\" data-e-type=\"widget\" data-widget_type=\"text-editor.default\">\n\t\t\t\t<div class=\"elementor-widget-container\">\n\t\t\t\t\t\t\t\t\t\t\t\t<div class=\"elementor-text-editor elementor-clearfix\">\r\n\t\t\t\t\t\t<h3>Mainonnan suunnittelutoimisto Skarp Oy<br \/>tietosuojaseloste<\/h3>\n<p><br \/>EU:n yleinen tietosuoja-asetus (2016\/679) 12, 13 ja 14 artiklat.<\/p>\n<p>Tietosuojaseloste on p\u00e4ivitetty viimeeksi 1.9.2023.<\/p>\n<h6>1. Rekisterinpit\u00e4j\u00e4<\/h6>\n<p>Nimi: Mainonnan suunnittelutoimisto Skarp Oy<br \/>Osoite: Haukkalev\u00e4ntie 3, 51720 Rahula<br \/>S\u00e4hk\u00f6posti: aineisto@skarpoy.com<\/p>\n<h6>2. Yhteyshenkil\u00f6 rekisteri\u00e4 koskevissa asioissa<\/h6>\n<p>Joanna Herranen<br \/>Haukkalev\u00e4ntie 3, 51720 Rahula<br \/>Puh. 015 7600 151, <br \/>joanna.herranen@skarpoy.com<\/p>\n<h6><br \/>3. Rekisterin nimi<\/h6>\n<p>Mainonnan suunnittelutoimisto Skarp Oy:n asiakasrekisteri<\/p>\n<h6><br \/>4. Henkil\u00f6tietojen k\u00e4sittelyn tarkoitus<\/h6>\n<p>Mainonnan suunnittelutoimisto Skarp Oy:n asiakkaiden ja yhteisty\u00f6kumppaneiden tietoja k\u00e4ytet\u00e4\u00e4n yritystoiminnan tarpeisiin sek\u00e4 yhteydenpitoon ja asiakassuhteiden hoitamiseen.<\/p>\n<h6>5. Rekisterin tietosis\u00e4lt\u00f6<\/h6>\n<p>Tiedot asiakkaan tilaamista palveluista, niiden toteuttamisesta sek\u00e4 laskutukseen ja yhteydenpitoon tarvittavat tiedot eli esimerkiksi nimi, s\u00e4hk\u00f6posti, puhelinnumero ja osoitetiedot.<\/p>\n<h6>6. S\u00e4\u00e4nn\u00f6nmukaiset tietol\u00e4hteet<\/h6>\n<p>Asiakas- ja yhteisty\u00f6kumppanitiedot asiakkaiden toimittamien tietojen pohjalta.<\/p>\n<h6><br \/>7. Tietojen luovutus ja siirto kolmansiin maihin ja kansainv\u00e4lisille j\u00e4rjest\u00f6ille<\/h6>\n<p>Tietoja ei luovuteta EU:n tai ETA:n ulkopuolelle tai kansainv\u00e4lisille j\u00e4rjest\u00f6ille.<\/p>\n<h6><br \/>8. Rekisterin suojauksen periaatteet<\/h6>\n<p>a) manuaaliset aineistot <br \/>Kaikki manuaaliset ainestot s\u00e4ilytet\u00e4\u00e4n lukitussa tilassa ja aineistoja p\u00e4\u00e4see k\u00e4sittelem\u00e4\u00e4n vai nimetyt henkil\u00f6t, jotka tarvitsevat tietoja ty\u00f6ss\u00e4 tai liiketoiminnassa vaadittaviin teht\u00e4viin.<\/p>\n<p>b) digitaaliset aineistot <br \/>S\u00e4hk\u00f6iset aineistot s\u00e4ilytet\u00e4\u00e4n palvelimella, jonka k\u00e4ytt\u00f6 vaatii salasanakirjautumisen. Verkkosivu-j\u00e4rjestelm\u00e4n kautta ker\u00e4ttyihin tietoihin p\u00e4\u00e4see vain salasanakirjautumisella. Tietoja p\u00e4\u00e4sev\u00e4t k\u00e4sittelem\u00e4\u00e4n vain henkil\u00f6t, jotka tarvitsevat tietoja ty\u00f6n tai liiketoiminnan teht\u00e4viss\u00e4.<\/p>\n<h6>9. Henkil\u00f6tietojen s\u00e4ilytysaika<\/h6>\n<p>Tietoja s\u00e4ilytet\u00e4\u00e4n niin kauan kuin asiakassuhde kest\u00e4\u00e4.<\/p>\n<h6><br \/>10. Rekister\u00f6idyn oikeudet<\/h6>\n<p>Rekister\u00f6idyll\u00e4 on oikeus: <br \/>&#8211; tarkastaa, mit\u00e4 henkil\u00f6tietoja h\u00e4nest\u00e4 on talletettu rekisteriin<br \/>&#8211; saada virheellinen henkil\u00f6tieto korjattua<br \/>&#8211; saada tietonsa poistetuksi rekisterist\u00e4<br \/>&#8211; rajoittaa tietojen k\u00e4sittely\u00e4<br \/>&#8211; siirt\u00e4\u00e4 tiedot j\u00e4rjestelm\u00e4st\u00e4 toiseen.<br \/>Pyynt\u00f6 tulee l\u00e4hett\u00e4\u00e4 s\u00e4hk\u00f6postitse aineisto@skarpoy.com. <br \/>Viestiin viite &#8221;Henkil\u00f6tietorekisterin tietojen tarkastuspyynt\u00f6&#8221;.<\/p>\t\t\t\t\t\t\t<\/div>\r\n\t\t\t\t\t\t\t\t\t\t<\/div>\n\t\t\t\t<\/div>\n\t\t\t\t\t<\/div>\n\t\t<\/div>\n\t\t\t\t\t<\/div><\/div>\r\n\t\t<\/section>\r\n\t\t\t\t<\/div>\n\t\t","protected":false},"excerpt":{"rendered":"<p>Mainonnan suunnittelutoimisto Skarp Oy tietosuojaseloste EU:n yleinen tietosuoja-asetus (2016\/679) 12, 13 ja 14 artiklat. Tietosuojaseloste on p\u00e4ivitetty viimeeksi 1.9.2023. 1&#8230;.<\/p>\n","protected":false},"author":1,"featured_media":0,"parent":0,"menu_order":0,"comment_status":"closed","ping_status":"open","template":"","meta":{"footnotes":""},"class_list":["post-3","page","type-page","status-publish"],"_links":{"self":[{"href":"https:\/\/skarpoy.com\/index.php\/wp-json\/wp\/v2\/pages\/3","targetHints":{"allow":["GET"]}}],"collection":[{"href":"https:\/\/skarpoy.com\/index.php\/wp-json\/wp\/v2\/pages"}],"about":[{"href":"https:\/\/skarpoy.com\/index.php\/wp-json\/wp\/v2\/types\/page"}],"author":[{"embeddable":true,"href":"https:\/\/skarpoy.com\/index.php\/wp-json\/wp\/v2\/users\/1"}],"replies":[{"embeddable":true,"href":"https:\/\/skarpoy.com\/index.php\/wp-json\/wp\/v2\/comments?post=3"}],"version-history":[{"count":10,"href":"https:\/\/skarpoy.com\/index.php\/wp-json\/wp\/v2\/pages\/3\/revisions"}],"predecessor-version":[{"id":479,"href":"https:\/\/skarpoy.com\/index.php\/wp-json\/wp\/v2\/pages\/3\/revisions\/479"}],"wp:attachment":[{"href":"https:\/\/skarpoy.com\/index.php\/wp-json\/wp\/v2\/media?parent=3"}],"curies":[{"name":"wp","href":"https:\/\/api.w.org\/{rel}","templated":true}]}}